{"id":57,"date":"2017-02-21T23:02:31","date_gmt":"2017-02-21T22:02:31","guid":{"rendered":"http:\/\/www.san-bud.net.pl\/?page_id=57"},"modified":"2023-06-05T23:01:41","modified_gmt":"2023-06-05T21:01:41","slug":"oferta","status":"publish","type":"page","link":"http:\/\/www.san-bud.net.pl\/index.php\/oferta\/","title":{"rendered":"Oferta"},"content":{"rendered":"<ul>\n<li>\n<div dir=\"auto\">NOWO\u015a\u0106 <span class=\"x3nfvp2 x1j61x8r x1fcty0u xdj266r xhhsvwb xat24cr xgzva0m xxymvpz xlup9mm x1kky2od\"><img loading=\"lazy\" decoding=\"async\" src=\"https:\/\/static.xx.fbcdn.net\/images\/emoji.php\/v9\/td7\/1.5\/16\/2757.png\" alt=\"\u2757\ufe0f\" width=\"16\" height=\"16\" \/><\/span><span class=\"x3nfvp2 x1j61x8r x1fcty0u xdj266r xhhsvwb xat24cr xgzva0m xxymvpz xlup9mm x1kky2od\"><img loading=\"lazy\" decoding=\"async\" src=\"https:\/\/static.xx.fbcdn.net\/images\/emoji.php\/v9\/td7\/1.5\/16\/2757.png\" alt=\"\u2757\ufe0f\" width=\"16\" height=\"16\" \/><\/span><span class=\"x3nfvp2 x1j61x8r x1fcty0u xdj266r xhhsvwb xat24cr xgzva0m xxymvpz xlup9mm x1kky2od\"><img loading=\"lazy\" decoding=\"async\" src=\"https:\/\/static.xx.fbcdn.net\/images\/emoji.php\/v9\/td7\/1.5\/16\/2757.png\" alt=\"\u2757\ufe0f\" width=\"16\" height=\"16\" \/><\/span><span class=\"x3nfvp2 x1j61x8r x1fcty0u xdj266r xhhsvwb xat24cr xgzva0m xxymvpz xlup9mm x1kky2od\"><img loading=\"lazy\" decoding=\"async\" src=\"https:\/\/static.xx.fbcdn.net\/images\/emoji.php\/v9\/tc5\/1.5\/16\/1f4aa.png\" alt=\"\ud83d\udcaa\" width=\"16\" height=\"16\" \/><\/span><br \/>\nUS\u0141UGI DRONEM <span class=\"x3nfvp2 x1j61x8r x1fcty0u xdj266r xhhsvwb xat24cr xgzva0m xxymvpz xlup9mm x1kky2od\"><img loading=\"lazy\" decoding=\"async\" src=\"https:\/\/static.xx.fbcdn.net\/images\/emoji.php\/v9\/ta0\/1.5\/16\/1f681.png\" alt=\"\ud83d\ude81\" width=\"16\" height=\"16\" \/><\/span><span class=\"x3nfvp2 x1j61x8r x1fcty0u xdj266r xhhsvwb xat24cr xgzva0m xxymvpz xlup9mm x1kky2od\"><img loading=\"lazy\" decoding=\"async\" src=\"https:\/\/static.xx.fbcdn.net\/images\/emoji.php\/v9\/ta0\/1.5\/16\/1f681.png\" alt=\"\ud83d\ude81\" width=\"16\" height=\"16\" \/><\/span><\/div>\n<div dir=\"auto\">Wykonujemy:<\/div>\n<div dir=\"auto\">&#8211; zdj\u0119cia, filmy inwestycji, dzia\u0142ek na sprzeda\u017c<\/div>\n<div dir=\"auto\">&#8211; ogl\u0119dziny dach\u00f3w, elewacji, sprawdzanie dro\u017cno\u015bci poziomych rynien i wiele innych&#8230;<\/div>\n<\/li>\n<\/ul>\n<ul>\n<li>KOMPLEKSOWE MALOWANIE WA\u0141KIEM ORAZ NOWO\u015a\u0106 <span class=\"x3nfvp2 x1j61x8r x1fcty0u xdj266r xhhsvwb xat24cr xgzva0m xxymvpz xlup9mm x1kky2od\"><img loading=\"lazy\" decoding=\"async\" src=\"https:\/\/static.xx.fbcdn.net\/images\/emoji.php\/v9\/td7\/1.5\/16\/2757.png\" alt=\"\u2757\ufe0f\" width=\"16\" height=\"16\" \/><\/span><span class=\"x3nfvp2 x1j61x8r x1fcty0u xdj266r xhhsvwb xat24cr xgzva0m xxymvpz xlup9mm x1kky2od\"><img loading=\"lazy\" decoding=\"async\" src=\"https:\/\/static.xx.fbcdn.net\/images\/emoji.php\/v9\/td7\/1.5\/16\/2757.png\" alt=\"\u2757\ufe0f\" width=\"16\" height=\"16\" \/><\/span><span class=\"x3nfvp2 x1j61x8r x1fcty0u xdj266r xhhsvwb xat24cr xgzva0m xxymvpz xlup9mm x1kky2od\"><img loading=\"lazy\" decoding=\"async\" src=\"https:\/\/static.xx.fbcdn.net\/images\/emoji.php\/v9\/td7\/1.5\/16\/2757.png\" alt=\"\u2757\ufe0f\" width=\"16\" height=\"16\" \/><\/span><span class=\"x3nfvp2 x1j61x8r x1fcty0u xdj266r xhhsvwb xat24cr xgzva0m xxymvpz xlup9mm x1kky2od\"><img loading=\"lazy\" decoding=\"async\" src=\"https:\/\/static.xx.fbcdn.net\/images\/emoji.php\/v9\/tc5\/1.5\/16\/1f4aa.png\" alt=\"\ud83d\udcaa\" width=\"16\" height=\"16\" \/>\u00a0<\/span> MALOWANIE METOD\u0104 HYDRODYNAMICZN\u0104 (NATRYSKOWO) FARBAMI :<br \/>\nAkrylowymi<br \/>\nCeramicznymi<br \/>\nLateksowymi<br \/>\nStrukturalnymi<br \/>\nPrzygotowanie powierzchni malowanych (reperacje p\u0119kni\u0119\u0107, naprawa tynku)<\/li>\n<li>SUFITY PODWIESZANE Z P\u0141YT KARTONOWO \u2013 GIPSOWYCH<\/li>\n<li>KOMPLEKSOWE TAPETOWANIE<\/li>\n<li>INSTALACJE HYDRAULICZNE :<br \/>\nMonta\u017c C.O gazowego<\/li>\n<\/ul>\n<p align=\"left\">Monta\u017c ogrzewania pod\u0142ogowego<\/p>\n<p align=\"left\">Przerobienie \/ wykonanie nowych punkt\u00f3w ciep\u0142ej i zimnej wody wraz z odp\u0142ywami<\/p>\n<p align=\"left\">Przerobienie \/ wykonanie nowych podej\u015b\u0107 kanalizacyjnych<\/p>\n<p align=\"left\">Przerobienie \/ wymiana instalacji centralnego ogrzewania<\/p>\n<p align=\"left\">Wymiana grzejnik\u00f3w \u015bciennych<\/p>\n<p align=\"left\">Przerobienie \/ wykonanie nowej instalacji gazowej<\/p>\n<p align=\"left\">Monta\u017c stela\u017cy \u015bciennych do muszli<\/p>\n<p align=\"left\">Monta\u017c baterii \u015bciennych, stoj\u0105cych<\/p>\n<ul>\n<li>\n<p align=\"left\">BIA\u0141Y MONTA\u017b :<\/p>\n<\/li>\n<\/ul>\n<p>Monta\u017c ceramiki \u0142azienkowej \u2013 wanien, umywalek, zlewozmywak\u00f3w, brodzik\u00f3w, bidet\u00f3w, kabin prysznicowych, tradycyjnych i panelowych<\/p>\n<ul>\n<li>WYKO\u0143CZENIA \u015aCIAN I SUFIT\u00d3W :<\/li>\n<\/ul>\n<p>Szpachlowanie \u015bcian, sufit\u00f3w<\/p>\n<p>Przygotowanie powierzchni \u2013 reperacja p\u0119kni\u0119\u0107<\/p>\n<p>Wyg\u0142adzanie mas\u0105 szpachlow\u0105<\/p>\n<p>Szlifowanie<\/p>\n<ul>\n<li>INSTALACJE ELEKTRYCZNE :<\/li>\n<\/ul>\n<p>Monta\u017c o\u015b. Halogenowego, led<\/p>\n<p>Kompleksowe wykonanie instalacji elektrycznych<\/p>\n<p>Wymiana \/ monta\u017c w\u0142\u0105cznik\u00f3w, gniazd elektrycznych, telefonicznych, antenowych, internetowych<\/p>\n<ul>\n<li>MONTA\u017b \u015aCIAN Z P\u0141YT KARTONOWO \u2013 GIPSOWYCH :<\/li>\n<\/ul>\n<p>Monta\u017c \u015bcian k\/g dzia\u0142owych wewn\u0119trznych na stela\u017cu (szer. 50, 75, 100 mm)<\/p>\n<p>Wyciszenie we\u0142n\u0105 mineraln\u0105<\/p>\n<p>Monta\u017c p\u0142yt k\/g na stela\u017cu metalowym z wyg\u0142adzaniem i pe\u0142nym wyko\u0144czeniem \u015bciany (szpachlowanie, szlifowanie)<\/p>\n<p>Wykonanie p\u00f3\u0142ek, wn\u0119k, podci\u0105g\u00f3w sufitowych<\/p>\n<p>Zabudowa rur, stela\u017cy<\/p>\n<p>Realizacja wed\u0142ug projekt\u00f3w<\/p>\n<ul>\n<li>STOLARKA DRZWIOWA I OKIENNA :<\/li>\n<\/ul>\n<p>Demonta\u017c istniej\u0105cych o\u015bcie\u017cnic drzwiowych i okien<\/p>\n<p>Monta\u017c nowych o\u015bcie\u017cnic drzwiowych i okien w istniej\u0105ce \u015bciany murowane i kartonowo \u2013 gipsowe<\/p>\n<p>Monta\u017c nowych o\u015bcie\u017cnic drzwiowych i okien w nowo stawiane \u015bciany murowane i kartonowo \u2013 gipsowe<\/p>\n<p>Suche tynki z p\u0142yt kartonowo \u2013 gipsowych<\/p>\n<p>Monta\u017c p\u0142yt kartonowo \u2013 gipsowych do istniej\u0105cych \u015bcian<\/p>\n<p>Pe\u0142ne wyko\u0144czenie montowanej p\u0142yty<\/p>\n<p>Szpachlowanie, szlifowanie<\/p>\n<ul>\n<li>UK\u0141ADANIE POD\u0141\u00d3G :<\/li>\n<\/ul>\n<p>Przygotowanie powierzchni wylewki betonowe, samopoziom<\/p>\n<p>Uk\u0142adanie paneli pod\u0142ogowych jak i desek barlinek<\/p>\n<p>Monta\u017c listew przypod\u0142ogowych<\/p>\n<p>Monta\u017c listew progowych<\/p>\n<ul>\n<li>TYNKOWANIE :<\/li>\n<\/ul>\n<p>Tynki tradycyjne<\/p>\n<p>Tynki akrylowe<\/p>\n<p>Tynki mozaikowe<\/p>\n<ul>\n<li>DESIGN NA \u015aCIANIE :<\/li>\n<\/ul>\n<p>Tynki dekoracyjne<\/p>\n<p>Naturalna ceg\u0142a<\/p>\n","protected":false},"excerpt":{"rendered":"<p>NOWO\u015a\u0106 US\u0141UGI DRONEM Wykonujemy: &#8211; zdj\u0119cia, filmy inwestycji, dzia\u0142ek na sprzeda\u017c &#8211; ogl\u0119dziny dach\u00f3w, elewacji, sprawdzanie dro\u017cno\u015bci poziomych rynien i wiele innych&#8230; KOMPLEKSOWE MALOWANIE WA\u0141KIEM ORAZ NOWO\u015a\u0106 \u00a0 MALOWANIE METOD\u0104 HYDRODYNAMICZN\u0104 (NATRYSKOWO) FARBAMI : Akrylowymi Ceramicznymi Lateksowymi Strukturalnymi Przygotowanie powierzchni malowanych (reperacje p\u0119kni\u0119\u0107, naprawa tynku) SUFITY PODWIESZANE Z P\u0141YT KARTONOWO \u2013 GIPSOWYCH KOMPLEKSOWE TAPETOWANIE INSTALACJE [&hellip;]<\/p>\n","protected":false},"author":1,"featured_media":0,"parent":0,"menu_order":0,"comment_status":"closed","ping_status":"closed","template":"","meta":{"jetpack_post_was_ever_published":false,"footnotes":""},"class_list":["post-57","page","type-page","status-publish","hentry"],"jetpack_sharing_enabled":true,"jetpack_shortlink":"https:\/\/wp.me\/P8qEs2-V","jetpack-related-posts":[],"_links":{"self":[{"href":"http:\/\/www.san-bud.net.pl\/index.php\/wp-json\/wp\/v2\/pages\/57","targetHints":{"allow":["GET"]}}],"collection":[{"href":"http:\/\/www.san-bud.net.pl\/index.php\/wp-json\/wp\/v2\/pages"}],"about":[{"href":"http:\/\/www.san-bud.net.pl\/index.php\/wp-json\/wp\/v2\/types\/page"}],"author":[{"embeddable":true,"href":"http:\/\/www.san-bud.net.pl\/index.php\/wp-json\/wp\/v2\/users\/1"}],"replies":[{"embeddable":true,"href":"http:\/\/www.san-bud.net.pl\/index.php\/wp-json\/wp\/v2\/comments?post=57"}],"version-history":[{"count":2,"href":"http:\/\/www.san-bud.net.pl\/index.php\/wp-json\/wp\/v2\/pages\/57\/revisions"}],"predecessor-version":[{"id":690,"href":"http:\/\/www.san-bud.net.pl\/index.php\/wp-json\/wp\/v2\/pages\/57\/revisions\/690"}],"wp:attachment":[{"href":"http:\/\/www.san-bud.net.pl\/index.php\/wp-json\/wp\/v2\/media?parent=57"}],"curies":[{"name":"wp","href":"https:\/\/api.w.org\/{rel}","templated":true}]}}